{"id":1426,"date":"2022-06-27T10:01:09","date_gmt":"2022-06-27T10:01:09","guid":{"rendered":"https:\/\/cemesa.org\/?page_id=1426"},"modified":"2025-05-20T16:35:51","modified_gmt":"2025-05-20T16:35:51","slug":"baggage-handling","status":"publish","type":"page","link":"https:\/\/www.cemesa.org\/en\/manipulacion-equipajes\/","title":{"rendered":"Baggage Handling"},"content":{"rendered":"<div class=\"wpb-content-wrapper\"><div class=\"vc_row wpb_row vc_row-fluid vc_row-o-content-middle vc_row-flex\"><div class=\"wpb_column vc_column_container vc_col-sm-12\"><div class=\"vc_column-inner\"><div class=\"wpb_wrapper\">\n\t<div class=\"wpb_text_column wpb_content_element  justify\" >\n\t\t<div class=\"wpb_wrapper\">\n\t\t\t<p>In keeping with our mission to provide a comprehensive service from bow to stern, as well as to all crew and passengers, we offer a complete baggage handling service, which includes loading, unloading, and transportation of baggage, as well as its recovery.<\/p>\n\n\t\t<\/div>\n\t<\/div>\n<\/div><\/div><\/div><\/div><div class=\"vc_row wpb_row vc_row-fluid vc_custom_1656495062753\"><div class=\"wpb_column vc_column_container vc_col-sm-12\"><div class=\"vc_column-inner\"><div class=\"wpb_wrapper\"><div class=\"vc_row wpb_row vc_inner vc_row-fluid vc_custom_1656495055267 vc_row-o-equal-height vc_row-o-content-bottom vc_row-flex\"><div class=\"wpb_column vc_column_container vc_col-sm-8 vc_col-has-fill\"><div class=\"vc_column-inner vc_custom_1686912947245\"><div class=\"wpb_wrapper\">\n\t<div  class=\"wpb_single_image wpb_content_element vc_align_right  vc_custom_1656494997940\">\n\t\t\n\t\t<figure class=\"wpb_wrapper vc_figure\">\n\t\t\t<div class=\"vc_single_image-wrapper   vc_box_border_grey\"><img loading=\"lazy\" decoding=\"async\" width=\"200\" height=\"204\" src=\"https:\/\/www.cemesa.org\/wp-content\/uploads\/2022\/06\/Cemesa-cuadrado-blanco-200.png\" class=\"vc_single_image-img attachment-medium\" alt=\"Cemesa - Maritime Services\" title=\"Cemesa - Maritime Services\"  data-dt-location=\"https:\/\/www.cemesa.org\/en\/servicios-auxiliares\/maritimos\/reservas-de-hoteles\/cemesa-cuadrado-blanco-200\/\" \/><\/div>\n\t\t<\/figure>\n\t<\/div>\n<\/div><\/div><\/div><div class=\"wpb_column vc_column_container vc_col-sm-4\"><div class=\"vc_column-inner vc_custom_1656489210552\"><div class=\"wpb_wrapper\">\n\t<div  class=\"wpb_single_image wpb_content_element vc_align_left  vc_custom_1656489143131\">\n\t\t\n\t\t<figure class=\"wpb_wrapper vc_figure\">\n\t\t\t<div class=\"vc_single_image-wrapper   vc_box_border_grey\"><img decoding=\"async\" class=\"vc_single_image-img\" src=\"https:\/\/www.cemesa.org\/wp-content\/uploads\/2022\/06\/equipaje-003-s-280x200.jpg\" width=\"280\" height=\"200\" alt=\"Cemesa - Maritime Services\" title=\"luggage-003-s\" loading=\"lazy\"  data-dt-location=\"https:\/\/www.cemesa.org\/en\/manipulacion-equipajes\/equipaje-003-s\/\" \/><\/div>\n\t\t<\/figure>\n\t<\/div>\n\n\t<div  class=\"wpb_single_image wpb_content_element vc_align_left  vc_custom_1686912885392\">\n\t\t\n\t\t<figure class=\"wpb_wrapper vc_figure\">\n\t\t\t<div class=\"vc_single_image-wrapper   vc_box_border_grey\"><img decoding=\"async\" class=\"vc_single_image-img\" src=\"https:\/\/www.cemesa.org\/wp-content\/uploads\/2023\/06\/equipaje-280x200-1.jpg\" width=\"280\" height=\"200\" alt=\"luggage-280x200\" title=\"luggage-280x200\" loading=\"lazy\"  data-dt-location=\"https:\/\/www.cemesa.org\/en\/manipulacion-equipajes\/equipaje-280x200\/\" \/><\/div>\n\t\t<\/figure>\n\t<\/div>\n<\/div><\/div><\/div><\/div><\/div><\/div><\/div><\/div><div class=\"vc_row wpb_row vc_row-fluid Cemesa-CTA vc_custom_1747757743745 vc_row-has-fill vc_row-o-content-middle vc_row-flex\"><div class=\"wpb_column vc_column_container vc_col-sm-8\"><div class=\"vc_column-inner vc_custom_1747757863150\"><div class=\"wpb_wrapper\"><div id=\"ultimate-heading-9086a00b01f17070\" class=\"uvc-heading ult-adjust-bottom-margin ultimate-heading-9086a00b01f17070 uvc-6576\" data-hspacer=\"no_spacer\"  data-halign=\"left\" style=\"text-align:left\"><div class=\"uvc-heading-spacer no_spacer\" style=\"top\"><\/div><div class=\"uvc-main-heading ult-responsive\"  data-ultimate-target='.uvc-heading.ultimate-heading-9086a00b01f17070 h2'  data-responsive-json-new='{\"font-size\":\"desktop:30px;\",\"line-height\":\"desktop:40px;\"}' ><h2 style=\"font-weight:bold;color:#ffffff;margin-bottom:20px;\">Cemesa, Maritime services<\/h2><\/div><div class=\"uvc-sub-heading ult-responsive\"  data-ultimate-target='.uvc-heading.ultimate-heading-9086a00b01f17070 .uvc-sub-heading '  data-responsive-json-new='{\"font-size\":\"desktop:16px;\",\"line-height\":\"desktop:28px;\"}'  style=\"font-weight:normal;color:#ffffff;\">Belonging to the P&amp;O Reyser group of companies, they provide a wide range of maritime services.<\/div><\/div><\/div><\/div><\/div><div class=\"wpb_column vc_column_container vc_col-sm-4\"><div class=\"vc_column-inner vc_custom_1465915330978\"><div class=\"wpb_wrapper\"><div class=\"vc_btn3-container vc_btn3-right\" ><a class=\"vc_general vc_btn3 vc_btn3-size-md vc_btn3-shape-rounded vc_btn3-style-modern vc_btn3-color-white\" href=\"https:\/\/www.cemesa.org\/en\/contact\/\" title=\"CONTACT\">Contact with us<\/a><\/div><\/div><\/div><\/div><\/div><div class=\"vc_row wpb_row vc_row-fluid vc_custom_1659461888583 vc_row-o-content-top vc_row-flex\"><div class=\"wpb_column vc_column_container vc_col-sm-6\"><div class=\"vc_column-inner\"><div class=\"wpb_wrapper\">\n\t<div class=\"wpb_text_column wpb_content_element  justify\" >\n\t\t<div class=\"wpb_wrapper\">\n\t\t\t<h3>CEMESA AMARRES BARCELONA S.A., founded in 1.970 as Consignaciones, Expediciones y Manipulaciones de Equipajes S.A.<\/h3>\n<p>It was initially dedicated to providing luggage services for passenger ships and cruise ships, basically Ybarra, Italia de Navegaci\u00f3n and Trasatl\u00e1ntica Espa\u00f1ola, which were operating in those years.<\/p>\n<p>In reference to passenger services, since the foundation of CEMESA we have been involved in most of these services in different ports, among them the port of <a class=\"wpil_keyword_link\" title=\"Barcelona\" href=\"https:\/\/acortar.link\/hqo17H\" data-wpil-keyword-link=\"linked\" target=\"_blank\" rel=\"noopener\">Barcelona<\/a>The Port of Barcelona has helped to give the Port of Barcelona the prestige and respect it enjoys today in this sector.<\/p>\n<p>Our services have been congratulated by all the parties involved in the process: Terminal Managers, Shipping Companies, Consignees, Port Authority and the users themselves.<\/p>\n\n\t\t<\/div>\n\t<\/div>\n<\/div><\/div><\/div><div class=\"wpb_column vc_column_container vc_col-sm-6\"><div class=\"vc_column-inner\"><div class=\"wpb_wrapper\">\n\t<div class=\"wpb_text_column wpb_content_element\" >\n\t\t<div class=\"wpb_wrapper\">\n\t\t\t<p><b>The baggage handling service includes:<\/b><\/p>\n\n\t\t<\/div>\n\t<\/div>\n<div class=\"standard-arrow list-divider bullet-top\"><ul>\n<li>Reception on the ground<\/li>\n<li>Charge<\/li>\n<li>Download<\/li>\n<li>Organisation<\/li>\n<li>Control<\/li>\n<li>Identification<\/li>\n<li>Transfer within the ship itself<\/li>\n<li>Ground transfer<\/li>\n<li>Handing over to the passenger<\/li>\n<li>Baggage retrieval (if necessary)<\/li>\n<\/ul>\n<\/div><\/div><\/div><\/div><div class=\"wpb_column vc_column_container vc_col-sm-12\"><div class=\"vc_column-inner\"><div class=\"wpb_wrapper\">\n\t<div class=\"wpb_text_column wpb_content_element  justify\" >\n\t\t<div class=\"wpb_wrapper\">\n\t\t\t<p>Part of baggage handling also includes the handling of passenger vehicles. The service of loading and unloading of passenger vehicles includes the control and organisation, as well as the correct identification and customs documentation of these vehicles.<\/p>\n<p>In case of any inconvenience, our job is to use all our available means to comply with the legal and regulated transport of the vehicles.<\/p>\n<p>Your needs dictate our work and you always have the option of requesting a new service that we have not mentioned. If you need help or would like to contract our services, please do not hesitate to<\/p>\n\n\t\t<\/div>\n\t<\/div>\n<\/div><\/div><\/div><\/div><div class=\"vc_row wpb_row vc_row-fluid\"><div class=\"wpb_column vc_column_container vc_col-sm-12\"><div class=\"vc_column-inner\"><div class=\"wpb_wrapper\"><div class=\"vc_message_box vc_message_box-standard vc_message_box-rounded vc_color-danger justify\" ><div class=\"vc_message_box-icon\"><i class=\"fas fa-hand-point-up\"><\/i><\/div><p>Don't forget that the number of services and resources we can provide is not limited to those listed above.<\/p>\n<\/div><\/div><\/div><\/div><\/div><div class=\"vc_row wpb_row vc_row-fluid\"><div class=\"wpb_column vc_column_container vc_col-sm-12\"><div class=\"vc_column-inner\"><div class=\"wpb_wrapper\">\n\t<div class=\"wpb_text_column wpb_content_element  justify\" >\n\t\t<div class=\"wpb_wrapper\">\n\t\t\t<p>Your needs dictate our work and you always have the option of requesting a new service that we have not mentioned. If you need help or would like to contract our services, please do not hesitate to <a href=\"https:\/\/www.cemesa.org\/en\/contact\/\"><strong>contact us at<\/strong><\/a>.<\/p>\n\n\t\t<\/div>\n\t<\/div>\n<\/div><\/div><\/div><\/div>\n<\/div>","protected":false},"excerpt":{"rendered":"<p>Following our mission to provide a complete service from bow to stern, as well as to all crew and passengers, we offer a complete luggage handling service, which includes loading, unloading, and transport of luggage, as well as its recovery. Cemesa, Maritime ServicesBelonging to the P&amp;O Reyser group of companies, we provide a wide range of maritime services... Contact...<\/p>","protected":false},"author":1,"featured_media":3075,"parent":0,"menu_order":0,"comment_status":"closed","ping_status":"closed","template":"","meta":{"inline_featured_image":false,"footnotes":""},"class_list":["post-1426","page","type-page","status-publish","has-post-thumbnail","hentry","description-off"],"_links":{"self":[{"href":"https:\/\/www.cemesa.org\/en\/wp-json\/wp\/v2\/pages\/1426","targetHints":{"allow":["GET"]}}],"collection":[{"href":"https:\/\/www.cemesa.org\/en\/wp-json\/wp\/v2\/pages"}],"about":[{"href":"https:\/\/www.cemesa.org\/en\/wp-json\/wp\/v2\/types\/page"}],"author":[{"embeddable":true,"href":"https:\/\/www.cemesa.org\/en\/wp-json\/wp\/v2\/users\/1"}],"replies":[{"embeddable":true,"href":"https:\/\/www.cemesa.org\/en\/wp-json\/wp\/v2\/comments?post=1426"}],"version-history":[{"count":1,"href":"https:\/\/www.cemesa.org\/en\/wp-json\/wp\/v2\/pages\/1426\/revisions"}],"predecessor-version":[{"id":4658,"href":"https:\/\/www.cemesa.org\/en\/wp-json\/wp\/v2\/pages\/1426\/revisions\/4658"}],"wp:featuredmedia":[{"embeddable":true,"href":"https:\/\/www.cemesa.org\/en\/wp-json\/wp\/v2\/media\/3075"}],"wp:attachment":[{"href":"https:\/\/www.cemesa.org\/en\/wp-json\/wp\/v2\/media?parent=1426"}],"curies":[{"name":"wp","href":"https:\/\/api.w.org\/{rel}","templated":true}]}}